{"id":94,"date":"2025-04-28T04:45:52","date_gmt":"2025-04-28T04:45:52","guid":{"rendered":"https:\/\/finspark.ca\/services\/"},"modified":"2025-04-28T07:33:48","modified_gmt":"2025-04-28T07:33:48","slug":"services","status":"publish","type":"page","link":"https:\/\/finspark.ca\/fr\/services\/","title":{"rendered":"Services"},"content":{"rendered":"what we give\n\n\n\n\n\n\n\nour services\nStrategic Financial Planning &#038; Insights\nAt <span style=\" color: var(--pagelayer-color-HbDeeN); font-weight: 600;\">Finspark Ltd<\/span>, we offer expert financial solutions tailored to your needs. Whether you&#8217;re an individual looking for wealth management or a business seeking strategic financial planning, our services are designed to help you succeed.\n\n\n\n\n\n<span style=\"color: var(--pagelayer-color-text);\">Une planification financi\u00e8re efficace vous aide \u00e0 g\u00e9rer votre patrimoine, \u00e0 fixer des objectifs clairs et \u00e0 prendre des d\u00e9cisions \u00e9clair\u00e9es pour un avenir s\u00fbr.<\/span>\n\n01\n\n\n<span style=\"color: var(--pagelayer-color-text);\">Nos services de conseil en investissement fournissent des conseils d'experts pour vous aider \u00e0 prendre des d\u00e9cisions d'investissement \u00e9clair\u00e9es et strat\u00e9giques. <\/span>\n\n02\n\n\n<span style=\"color: var(--pagelayer-color-text);\">La budg\u00e9tisation strat\u00e9gique, les investissements et la planification financi\u00e8re aident les entreprises \u00e0 prendre des d\u00e9cisions \u00e9clair\u00e9es et \u00e0 r\u00e9ussir. <\/span>\n\n03\n\n\n<span style=\"color: var(--pagelayer-color-text);\">L'optimisation fiscale vous aide \u00e0 minimiser vos obligations et \u00e0 maximiser vos \u00e9conomies gr\u00e2ce \u00e0 une planification intelligente et \u00e0 des d\u00e9ductions strat\u00e9giques.<\/span>\n\n04\n\n\n\n\n\n\nour process\nTransform Your Business with Top Experts Today\nUnlock the full potential of your business with cutting edge digital solutions and expert guidance. Our team of professionals helps you streamline operations, enhance efficiency, and drive growth with the latest financial and business strategies. Take the next step toward success digitize your business today!\n\n<span style=\"font-size: large; font-family: &quot;Times New Roman&quot;;\"><span style=\"color:#ffffff;\"><a href=\"https:\/\/calendly.com\/rajeshtv\/appointment-with-rajesh-thomas-vaidyan\" style=\"color: rgb(255, 255, 255); font-size: large;\"><strong>FIXER UN RENDEZ-VOUS&nbsp;<\/strong><\/a>&#8211; click here<\/span><\/span><span style=\"color:#ffffff;\"><a href=\"https:\/\/calendly.com\/rajeshtv\/appointment-with-rajesh-thomas-vaidyan\"><\/a><\/span>\n\n\n\n\n01\n\n\n\n<span style=\"color: var(--pagelayer-color-FipMzV);\">Assurez votre avenir gr\u00e2ce \u00e0 une planification financi\u00e8re strat\u00e9gique adapt\u00e9e \u00e0 vos objectifs et \u00e0 vos besoins.<\/span>\n\n\n\n\n02\n\n\n\n<span style=\"color: var(--pagelayer-color-FipMzV);\">Obtenez des informations pr\u00e9cieuses et prenez des d\u00e9cisions \u00e9clair\u00e9es gr\u00e2ce \u00e0 l'analyse strat\u00e9gique des donn\u00e9es.\n<\/span>\n\n\n\n\n03\n\n\n\n<span style=\"color: var(--pagelayer-color-FipMzV);\">\u00c9laborer des strat\u00e9gies efficaces pour stimuler la croissance, optimiser les performances et atteindre le succ\u00e8s \u00e0 long terme.<\/span>\n\n\n\n\n\n\n\n\n\nSmart Financial Growth\nUnlock Financial Freedom with Endless Opportunities\nAchieve financial independence with smart strategies and expert guidance. At <span style=\" color: var(--pagelayer-color-HbDeeN); font-weight: 600;\" >Finspark<\/span>, we provide the tools, insights, and opportunities to help you grow your wealth, make informed decisions, and secure a prosperous future. Take control of your finances and unlock endless possibilities today!\n\nWealth Management\nRisk Assessment\nFinancial Consulting\nMarket Analysis\n\n\n\n\n\n\nservices","protected":false},"excerpt":{"rendered":"","protected":false},"author":1,"featured_media":0,"parent":0,"menu_order":0,"comment_status":"closed","ping_status":"closed","template":"","meta":{"nf_dc_page":"","om_disable_all_campaigns":false,"pagelayer_contact_templates":[],"_pagelayer_content":"","footnotes":""},"class_list":["post-94","page","type-page","status-publish","hentry"],"yoast_head":"<!-- This site is optimized with the Yoast SEO plugin v27.4 - https:\/\/yoast.com\/product\/yoast-seo-wordpress\/ -->\n<title>Services - FINSPARK LTD<\/title>\n<meta name=\"robots\" content=\"index, follow, max-snippet:-1, max-image-preview:large, max-video-preview:-1\" \/>\n<link rel=\"canonical\" href=\"https:\/\/finspark.ca\/fr\/services\/\" \/>\n<meta property=\"og:locale\" content=\"fr_CA\" \/>\n<meta property=\"og:type\" content=\"article\" \/>\n<meta property=\"og:title\" content=\"Services - FINSPARK LTD\" \/>\n<meta property=\"og:url\" content=\"https:\/\/finspark.ca\/fr\/services\/\" \/>\n<meta property=\"og:site_name\" content=\"FINSPARK LTD\" \/>\n<meta property=\"article:modified_time\" content=\"2025-04-28T07:33:48+00:00\" \/>\n<meta name=\"twitter:card\" content=\"summary_large_image\" \/>\n<meta name=\"twitter:label1\" content=\"Estimation du temps de lecture\" \/>\n\t<meta name=\"twitter:data1\" content=\"1 minute\" \/>\n<script type=\"application\/ld+json\" class=\"yoast-schema-graph\">{\"@context\":\"https:\\\/\\\/schema.org\",\"@graph\":[{\"@type\":\"WebPage\",\"@id\":\"https:\\\/\\\/finspark.ca\\\/services\\\/\",\"url\":\"https:\\\/\\\/finspark.ca\\\/services\\\/\",\"name\":\"Services - FINSPARK LTD\",\"isPartOf\":{\"@id\":\"https:\\\/\\\/finspark.ca\\\/#website\"},\"datePublished\":\"2025-04-28T04:45:52+00:00\",\"dateModified\":\"2025-04-28T07:33:48+00:00\",\"breadcrumb\":{\"@id\":\"https:\\\/\\\/finspark.ca\\\/services\\\/#breadcrumb\"},\"inLanguage\":\"fr-CA\",\"potentialAction\":[{\"@type\":\"ReadAction\",\"target\":[\"https:\\\/\\\/finspark.ca\\\/services\\\/\"]}]},{\"@type\":\"BreadcrumbList\",\"@id\":\"https:\\\/\\\/finspark.ca\\\/services\\\/#breadcrumb\",\"itemListElement\":[{\"@type\":\"ListItem\",\"position\":1,\"name\":\"Home\",\"item\":\"https:\\\/\\\/finspark.ca\\\/\"},{\"@type\":\"ListItem\",\"position\":2,\"name\":\"Services\"}]},{\"@type\":\"WebSite\",\"@id\":\"https:\\\/\\\/finspark.ca\\\/#website\",\"url\":\"https:\\\/\\\/finspark.ca\\\/\",\"name\":\"FINSPARK LTD\",\"description\":\"ACCOUNTING, TAX, FINANCES\",\"publisher\":{\"@id\":\"https:\\\/\\\/finspark.ca\\\/#organization\"},\"potentialAction\":[{\"@type\":\"SearchAction\",\"target\":{\"@type\":\"EntryPoint\",\"urlTemplate\":\"https:\\\/\\\/finspark.ca\\\/?s={search_term_string}\"},\"query-input\":{\"@type\":\"PropertyValueSpecification\",\"valueRequired\":true,\"valueName\":\"search_term_string\"}}],\"inLanguage\":\"fr-CA\"},{\"@type\":\"Organization\",\"@id\":\"https:\\\/\\\/finspark.ca\\\/#organization\",\"name\":\"FINSPARK LTD\",\"url\":\"https:\\\/\\\/finspark.ca\\\/\",\"logo\":{\"@type\":\"ImageObject\",\"inLanguage\":\"fr-CA\",\"@id\":\"https:\\\/\\\/finspark.ca\\\/#\\\/schema\\\/logo\\\/image\\\/\",\"url\":\"https:\\\/\\\/finspark.ca\\\/wp-content\\\/uploads\\\/2025\\\/04\\\/cropped-cropped-Untitled-design.png\",\"contentUrl\":\"https:\\\/\\\/finspark.ca\\\/wp-content\\\/uploads\\\/2025\\\/04\\\/cropped-cropped-Untitled-design.png\",\"width\":512,\"height\":512,\"caption\":\"FINSPARK LTD\"},\"image\":{\"@id\":\"https:\\\/\\\/finspark.ca\\\/#\\\/schema\\\/logo\\\/image\\\/\"}}]}<\/script>\n<!-- \/ Yoast SEO plugin. -->","yoast_head_json":{"title":"Services - FINSPARK LTD","robots":{"index":"index","follow":"follow","max-snippet":"max-snippet:-1","max-image-preview":"max-image-preview:large","max-video-preview":"max-video-preview:-1"},"canonical":"https:\/\/finspark.ca\/fr\/services\/","og_locale":"fr_CA","og_type":"article","og_title":"Services - FINSPARK LTD","og_url":"https:\/\/finspark.ca\/fr\/services\/","og_site_name":"FINSPARK LTD","article_modified_time":"2025-04-28T07:33:48+00:00","twitter_card":"summary_large_image","twitter_misc":{"Estimation du temps de lecture":"1 minute"},"schema":{"@context":"https:\/\/schema.org","@graph":[{"@type":"WebPage","@id":"https:\/\/finspark.ca\/services\/","url":"https:\/\/finspark.ca\/services\/","name":"Services - FINSPARK LTD","isPartOf":{"@id":"https:\/\/finspark.ca\/#website"},"datePublished":"2025-04-28T04:45:52+00:00","dateModified":"2025-04-28T07:33:48+00:00","breadcrumb":{"@id":"https:\/\/finspark.ca\/services\/#breadcrumb"},"inLanguage":"fr-CA","potentialAction":[{"@type":"ReadAction","target":["https:\/\/finspark.ca\/services\/"]}]},{"@type":"BreadcrumbList","@id":"https:\/\/finspark.ca\/services\/#breadcrumb","itemListElement":[{"@type":"ListItem","position":1,"name":"Home","item":"https:\/\/finspark.ca\/"},{"@type":"ListItem","position":2,"name":"Services"}]},{"@type":"WebSite","@id":"https:\/\/finspark.ca\/#website","url":"https:\/\/finspark.ca\/","name":"FINSPARK LTD","description":"ACCOUNTING, TAX, FINANCES","publisher":{"@id":"https:\/\/finspark.ca\/#organization"},"potentialAction":[{"@type":"SearchAction","target":{"@type":"EntryPoint","urlTemplate":"https:\/\/finspark.ca\/?s={search_term_string}"},"query-input":{"@type":"PropertyValueSpecification","valueRequired":true,"valueName":"search_term_string"}}],"inLanguage":"fr-CA"},{"@type":"Organization","@id":"https:\/\/finspark.ca\/#organization","name":"FINSPARK LTD","url":"https:\/\/finspark.ca\/","logo":{"@type":"ImageObject","inLanguage":"fr-CA","@id":"https:\/\/finspark.ca\/#\/schema\/logo\/image\/","url":"https:\/\/finspark.ca\/wp-content\/uploads\/2025\/04\/cropped-cropped-Untitled-design.png","contentUrl":"https:\/\/finspark.ca\/wp-content\/uploads\/2025\/04\/cropped-cropped-Untitled-design.png","width":512,"height":512,"caption":"FINSPARK LTD"},"image":{"@id":"https:\/\/finspark.ca\/#\/schema\/logo\/image\/"}}]}},"_links":{"self":[{"href":"https:\/\/finspark.ca\/fr\/wp-json\/wp\/v2\/pages\/94","targetHints":{"allow":["GET"]}}],"collection":[{"href":"https:\/\/finspark.ca\/fr\/wp-json\/wp\/v2\/pages"}],"about":[{"href":"https:\/\/finspark.ca\/fr\/wp-json\/wp\/v2\/types\/page"}],"author":[{"embeddable":true,"href":"https:\/\/finspark.ca\/fr\/wp-json\/wp\/v2\/users\/1"}],"replies":[{"embeddable":true,"href":"https:\/\/finspark.ca\/fr\/wp-json\/wp\/v2\/comments?post=94"}],"version-history":[{"count":5,"href":"https:\/\/finspark.ca\/fr\/wp-json\/wp\/v2\/pages\/94\/revisions"}],"predecessor-version":[{"id":186,"href":"https:\/\/finspark.ca\/fr\/wp-json\/wp\/v2\/pages\/94\/revisions\/186"}],"wp:attachment":[{"href":"https:\/\/finspark.ca\/fr\/wp-json\/wp\/v2\/media?parent=94"}],"curies":[{"name":"wp","href":"https:\/\/api.w.org\/{rel}","templated":true}]}}