{"id":174,"date":"2025-04-28T07:19:52","date_gmt":"2025-04-28T07:19:52","guid":{"rendered":"https:\/\/finspark.ca\/?page_id=174"},"modified":"2025-04-28T07:50:56","modified_gmt":"2025-04-28T07:50:56","slug":"taxation","status":"publish","type":"page","link":"https:\/\/finspark.ca\/fr\/taxation\/","title":{"rendered":"TAXATION"},"content":{"rendered":"<h1 data-start=\"322\" data-end=\"341\" class=\"\">Services fiscaux<\/h1><p data-start=\"343\" data-end=\"562\" class=\"\">Chez <strong data-start=\"346\" data-end=\"358\">Finspark<\/strong>, we take the stress out of tax season. Whether you&#8217;re an individual, a small business, or a growing company, our expert team ensures your tax filings are accurate, on-time, and optimized to your benefit.<\/p><h2 data-start=\"564\" data-end=\"590\" class=\"\">Nos services de d\u00e9claration d'imp\u00f4ts<\/h2><h3 data-start=\"592\" data-end=\"635\" class=\"\">D\u00e9claration T1 (d\u00e9claration d'imp\u00f4t sur le revenu des personnes physiques)<\/h3><p data-start=\"637\" data-end=\"927\" class=\"\">Nous aidons les particuliers \u00e0 remplir leur d\u00e9claration d'imp\u00f4t sur le revenu des personnes physiques (T1), en veillant \u00e0 ce que le maximum de d\u00e9ductions et de cr\u00e9dits soit appliqu\u00e9. Que vous ayez un revenu d'emploi, un revenu d'investissement, un revenu de location ou un revenu de travailleur ind\u00e9pendant, notre \u00e9quipe est l\u00e0 pour rendre votre d\u00e9claration personnelle simple et sans souci.<\/p><h3 data-start=\"929\" data-end=\"966\" class=\"\">D\u00e9p\u00f4t T2 (d\u00e9clarations fiscales des soci\u00e9t\u00e9s)<\/h3><p data-start=\"968\" data-end=\"1275\" class=\"\">Si vous \u00eates propri\u00e9taire d'une soci\u00e9t\u00e9, vous devez produire une d\u00e9claration d'imp\u00f4t sur les soci\u00e9t\u00e9s T2. Nos sp\u00e9cialistes veilleront \u00e0 ce que votre entreprise reste en conformit\u00e9 tout en identifiant les moyens l\u00e9gitimes de minimiser les imp\u00f4ts. Nous nous occupons de tout, des petites entreprises en d\u00e9marrage aux soci\u00e9t\u00e9s bien \u00e9tablies, ce qui vous permet de vous concentrer davantage sur la croissance de votre entreprise.<\/p><h3 data-start=\"1277\" data-end=\"1317\" class=\"\">D\u00e9claration T3 (d\u00e9claration d'imp\u00f4t sur le revenu des fiducies)<\/h3><p data-start=\"1319\" data-end=\"1573\" class=\"\">Nous offrons \u00e9galement des services professionnels de d\u00e9p\u00f4t pour les fiducies, y compris les fiducies familiales et les successions. Le d\u00e9p\u00f4t d'une d\u00e9claration T3 peut \u00eatre complexe ; gr\u00e2ce \u00e0 l'expertise de Finspark, nous nous assurons que les revenus de la fiducie sont correctement d\u00e9clar\u00e9s et distribu\u00e9s conform\u00e9ment \u00e0 la r\u00e9glementation canadienne.<\/p><hr data-start=\"1575\" data-end=\"1578\" class=\"\"><h2 data-start=\"1580\" data-end=\"1603\" class=\"\">Pourquoi choisir Finspark ?<\/h2><h3 data-start=\"1605\" data-end=\"1627\" class=\"\">Prix abordables<\/h3><p data-start=\"1629\" data-end=\"1809\" class=\"\">Nous pensons que les services fiscaux ne doivent pas \u00eatre on\u00e9reux. Finspark propose des prix transparents et comp\u00e9titifs, sans frais cach\u00e9s, ce qui rend les services d'archivage professionnels accessibles \u00e0 tous.<\/p><h3 data-start=\"1811\" data-end=\"1837\" class=\"\">D\u00e9lais d'ex\u00e9cution rapides<\/h3><p data-start=\"1839\" data-end=\"2014\" class=\"\">Nous savons que le temps, c'est de l'argent. C'est pourquoi nos processus rationalis\u00e9s et notre \u00e9quipe efficace garantissent un d\u00e9p\u00f4t rapide, vous aidant \u00e0 respecter toutes les \u00e9ch\u00e9ances fiscales sans pr\u00e9cipitation de derni\u00e8re minute.<\/p><h3 data-start=\"2016\" data-end=\"2038\" class=\"\">Soutien toute l'ann\u00e9e<\/h3><p data-start=\"2040\" data-end=\"2278\" class=\"\">At Finspark, our service doesn&#8217;t end once your taxes are filed. We offer year-round support for any tax questions, CRA correspondence, or planning for the next tax year. We are your trusted partner, not just during tax season, but always.<\/p><h3 data-start=\"2280\" data-end=\"2309\" class=\"\">Professionnels exp\u00e9riment\u00e9s<\/h3><p data-start=\"2311\" data-end=\"2500\" class=\"\">Notre \u00e9quipe est compos\u00e9e de professionnels de la fiscalit\u00e9 form\u00e9s qui se tiennent au courant des derniers changements dans les lois fiscales. Avec Finspark, vous pouvez \u00eatre tranquille en sachant que vos affaires fiscales sont g\u00e9r\u00e9es par des experts qui s'en soucient.<\/p><h3 data-start=\"2502\" data-end=\"2528\" class=\"\">Solutions personnalis\u00e9es<\/h3><p data-start=\"2530\" data-end=\"2721\" class=\"\">We understand that every tax situation is unique. That&#8217;s why we provide personalized advice tailored to your specific financial circumstances, helping you optimize savings and stay compliant.<\/p><hr data-start=\"2723\" data-end=\"2726\" class=\"\"><h2 data-start=\"2728\" data-end=\"2750\" class=\"\">Services suppl\u00e9mentaires<\/h2><ul data-start=\"2752\" data-end=\"2873\">\n<li data-start=\"2752\" data-end=\"2774\" class=\"\">\n<p data-start=\"2754\" data-end=\"2774\" class=\"\">Assistance \u00e0 l'audit de l'ARC<\/p>\n<\/li>\n<li data-start=\"2775\" data-end=\"2802\" class=\"\">\n<p data-start=\"2777\" data-end=\"2802\" class=\"\">Planification et conseil fiscaux<\/p>\n<\/li>\n<li data-start=\"2803\" data-end=\"2819\" class=\"\">\n<p data-start=\"2805\" data-end=\"2819\" class=\"\">D\u00e9claration de la TPS\/TVH<\/p>\n<\/li>\n<li data-start=\"2820\" data-end=\"2838\" class=\"\">\n<p data-start=\"2822\" data-end=\"2838\" class=\"\">Services de paie<\/p>\n<\/li>\n<li data-start=\"2839\" data-end=\"2873\" class=\"\">\n<p data-start=\"2841\" data-end=\"2873\" class=\"\">Comptabilit\u00e9 pour les petites entreprises<\/p>\n<\/li>\n<\/ul><hr data-start=\"2875\" data-end=\"2878\" class=\"\"><h2 data-start=\"2880\" data-end=\"2915\" class=\"\">Commencez d\u00e8s aujourd'hui avec Finspark !<\/h2><p>\n\n\n\n\n\n\n\n\n\n\n\n\n\n\n\n\n\n\n\n\n\n\n\n\n\n<\/p><p data-start=\"2917\" data-end=\"3110\" class=\"\">Pr\u00eat \u00e0 vivre l'exp\u00e9rience d'une d\u00e9claration d'imp\u00f4ts sans tracas ?<br data-start=\"2960\" data-end=\"2963\">\n<strong data-start=\"2963\" data-end=\"2983\">Contactez-nous aujourd'hui<\/strong> pour r\u00e9server votre consultation ou d\u00e9clarer vos imp\u00f4ts aupr\u00e8s de Finspark.<br data-start=\"3043\" data-end=\"3046\">\nEnsemble, rendons les imp\u00f4ts simples, abordables et sans stress.<\/p>","protected":false},"excerpt":{"rendered":"","protected":false},"author":1,"featured_media":0,"parent":0,"menu_order":0,"comment_status":"closed","ping_status":"closed","template":"","meta":{"nf_dc_page":"","om_disable_all_campaigns":false,"pagelayer_contact_templates":[],"_pagelayer_content":"","footnotes":""},"class_list":["post-174","page","type-page","status-publish","hentry"],"yoast_head":"<!-- This site is optimized with the Yoast SEO plugin v27.4 - https:\/\/yoast.com\/product\/yoast-seo-wordpress\/ -->\n<title>TAXATION - FINSPARK LTD<\/title>\n<meta name=\"robots\" content=\"index, follow, max-snippet:-1, max-image-preview:large, max-video-preview:-1\" \/>\n<link rel=\"canonical\" href=\"https:\/\/finspark.ca\/fr\/taxation\/\" \/>\n<meta property=\"og:locale\" content=\"fr_CA\" \/>\n<meta property=\"og:type\" content=\"article\" \/>\n<meta property=\"og:title\" content=\"TAXATION - FINSPARK LTD\" \/>\n<meta property=\"og:url\" content=\"https:\/\/finspark.ca\/fr\/taxation\/\" \/>\n<meta property=\"og:site_name\" content=\"FINSPARK LTD\" \/>\n<meta property=\"article:modified_time\" content=\"2025-04-28T07:50:56+00:00\" \/>\n<meta name=\"twitter:card\" content=\"summary_large_image\" \/>\n<script type=\"application\/ld+json\" class=\"yoast-schema-graph\">{\"@context\":\"https:\\\/\\\/schema.org\",\"@graph\":[{\"@type\":\"WebPage\",\"@id\":\"https:\\\/\\\/finspark.ca\\\/taxation\\\/\",\"url\":\"https:\\\/\\\/finspark.ca\\\/taxation\\\/\",\"name\":\"TAXATION - FINSPARK LTD\",\"isPartOf\":{\"@id\":\"https:\\\/\\\/finspark.ca\\\/#website\"},\"datePublished\":\"2025-04-28T07:19:52+00:00\",\"dateModified\":\"2025-04-28T07:50:56+00:00\",\"breadcrumb\":{\"@id\":\"https:\\\/\\\/finspark.ca\\\/taxation\\\/#breadcrumb\"},\"inLanguage\":\"fr-CA\",\"potentialAction\":[{\"@type\":\"ReadAction\",\"target\":[\"https:\\\/\\\/finspark.ca\\\/taxation\\\/\"]}]},{\"@type\":\"BreadcrumbList\",\"@id\":\"https:\\\/\\\/finspark.ca\\\/taxation\\\/#breadcrumb\",\"itemListElement\":[{\"@type\":\"ListItem\",\"position\":1,\"name\":\"Home\",\"item\":\"https:\\\/\\\/finspark.ca\\\/\"},{\"@type\":\"ListItem\",\"position\":2,\"name\":\"TAXATION\"}]},{\"@type\":\"WebSite\",\"@id\":\"https:\\\/\\\/finspark.ca\\\/#website\",\"url\":\"https:\\\/\\\/finspark.ca\\\/\",\"name\":\"FINSPARK LTD\",\"description\":\"ACCOUNTING, TAX, FINANCES\",\"publisher\":{\"@id\":\"https:\\\/\\\/finspark.ca\\\/#organization\"},\"potentialAction\":[{\"@type\":\"SearchAction\",\"target\":{\"@type\":\"EntryPoint\",\"urlTemplate\":\"https:\\\/\\\/finspark.ca\\\/?s={search_term_string}\"},\"query-input\":{\"@type\":\"PropertyValueSpecification\",\"valueRequired\":true,\"valueName\":\"search_term_string\"}}],\"inLanguage\":\"fr-CA\"},{\"@type\":\"Organization\",\"@id\":\"https:\\\/\\\/finspark.ca\\\/#organization\",\"name\":\"FINSPARK LTD\",\"url\":\"https:\\\/\\\/finspark.ca\\\/\",\"logo\":{\"@type\":\"ImageObject\",\"inLanguage\":\"fr-CA\",\"@id\":\"https:\\\/\\\/finspark.ca\\\/#\\\/schema\\\/logo\\\/image\\\/\",\"url\":\"https:\\\/\\\/finspark.ca\\\/wp-content\\\/uploads\\\/2025\\\/04\\\/cropped-cropped-Untitled-design.png\",\"contentUrl\":\"https:\\\/\\\/finspark.ca\\\/wp-content\\\/uploads\\\/2025\\\/04\\\/cropped-cropped-Untitled-design.png\",\"width\":512,\"height\":512,\"caption\":\"FINSPARK LTD\"},\"image\":{\"@id\":\"https:\\\/\\\/finspark.ca\\\/#\\\/schema\\\/logo\\\/image\\\/\"}}]}<\/script>\n<!-- \/ Yoast SEO plugin. -->","yoast_head_json":{"title":"TAXATION - FINSPARK LTD","robots":{"index":"index","follow":"follow","max-snippet":"max-snippet:-1","max-image-preview":"max-image-preview:large","max-video-preview":"max-video-preview:-1"},"canonical":"https:\/\/finspark.ca\/fr\/taxation\/","og_locale":"fr_CA","og_type":"article","og_title":"TAXATION - FINSPARK LTD","og_url":"https:\/\/finspark.ca\/fr\/taxation\/","og_site_name":"FINSPARK LTD","article_modified_time":"2025-04-28T07:50:56+00:00","twitter_card":"summary_large_image","schema":{"@context":"https:\/\/schema.org","@graph":[{"@type":"WebPage","@id":"https:\/\/finspark.ca\/taxation\/","url":"https:\/\/finspark.ca\/taxation\/","name":"TAXATION - FINSPARK LTD","isPartOf":{"@id":"https:\/\/finspark.ca\/#website"},"datePublished":"2025-04-28T07:19:52+00:00","dateModified":"2025-04-28T07:50:56+00:00","breadcrumb":{"@id":"https:\/\/finspark.ca\/taxation\/#breadcrumb"},"inLanguage":"fr-CA","potentialAction":[{"@type":"ReadAction","target":["https:\/\/finspark.ca\/taxation\/"]}]},{"@type":"BreadcrumbList","@id":"https:\/\/finspark.ca\/taxation\/#breadcrumb","itemListElement":[{"@type":"ListItem","position":1,"name":"Home","item":"https:\/\/finspark.ca\/"},{"@type":"ListItem","position":2,"name":"TAXATION"}]},{"@type":"WebSite","@id":"https:\/\/finspark.ca\/#website","url":"https:\/\/finspark.ca\/","name":"FINSPARK LTD","description":"ACCOUNTING, TAX, FINANCES","publisher":{"@id":"https:\/\/finspark.ca\/#organization"},"potentialAction":[{"@type":"SearchAction","target":{"@type":"EntryPoint","urlTemplate":"https:\/\/finspark.ca\/?s={search_term_string}"},"query-input":{"@type":"PropertyValueSpecification","valueRequired":true,"valueName":"search_term_string"}}],"inLanguage":"fr-CA"},{"@type":"Organization","@id":"https:\/\/finspark.ca\/#organization","name":"FINSPARK LTD","url":"https:\/\/finspark.ca\/","logo":{"@type":"ImageObject","inLanguage":"fr-CA","@id":"https:\/\/finspark.ca\/#\/schema\/logo\/image\/","url":"https:\/\/finspark.ca\/wp-content\/uploads\/2025\/04\/cropped-cropped-Untitled-design.png","contentUrl":"https:\/\/finspark.ca\/wp-content\/uploads\/2025\/04\/cropped-cropped-Untitled-design.png","width":512,"height":512,"caption":"FINSPARK LTD"},"image":{"@id":"https:\/\/finspark.ca\/#\/schema\/logo\/image\/"}}]}},"_links":{"self":[{"href":"https:\/\/finspark.ca\/fr\/wp-json\/wp\/v2\/pages\/174","targetHints":{"allow":["GET"]}}],"collection":[{"href":"https:\/\/finspark.ca\/fr\/wp-json\/wp\/v2\/pages"}],"about":[{"href":"https:\/\/finspark.ca\/fr\/wp-json\/wp\/v2\/types\/page"}],"author":[{"embeddable":true,"href":"https:\/\/finspark.ca\/fr\/wp-json\/wp\/v2\/users\/1"}],"replies":[{"embeddable":true,"href":"https:\/\/finspark.ca\/fr\/wp-json\/wp\/v2\/comments?post=174"}],"version-history":[{"count":4,"href":"https:\/\/finspark.ca\/fr\/wp-json\/wp\/v2\/pages\/174\/revisions"}],"predecessor-version":[{"id":190,"href":"https:\/\/finspark.ca\/fr\/wp-json\/wp\/v2\/pages\/174\/revisions\/190"}],"wp:attachment":[{"href":"https:\/\/finspark.ca\/fr\/wp-json\/wp\/v2\/media?parent=174"}],"curies":[{"name":"wp","href":"https:\/\/api.w.org\/{rel}","templated":true}]}}